{"id":1006,"date":"2022-06-11T19:01:17","date_gmt":"2022-06-11T18:01:17","guid":{"rendered":"https:\/\/sopsy-si.ch\/?page_id=1006"},"modified":"2022-06-11T19:46:28","modified_gmt":"2022-06-11T18:46:28","slug":"condizioni-generali","status":"publish","type":"page","link":"https:\/\/sopsy-si.ch\/index.php\/condizioni-generali\/","title":{"rendered":"condizioni generali"},"content":{"rendered":"<h4><strong>Societ\u00e0 Svizzera di Psichiatra Sociale &#8211; <\/strong>Vicolo Confalonieri, 110 10 &#8211; CH &#8211; 6850 Mendrisio<\/h4>\n<h4>T\u2009:+\u200941 91 640 44 00 &#8211; info@sopsy-si.ch &#8211; www.so-psy.ch<\/h4>\n<h4><\/h4>\n<h3><strong>Condizioni Generali<\/strong><\/h3>\n<p><strong>Societ\u00e0 Svizzera di Psichiatra Sociale<\/strong> , Vicolo Confalonieri, 110 10 &#8211; CH &#8211; 6850 Mendrisio, garantisce la La Societ\u00e0 Svizzera di Psichiatria Sociale sezione della Svizzera italiana (SO.PSY) \u00e8 la sezione regionale della Societ\u00e0 svizzera di psichiatria sociale che si \u00e8 costituita e sviluppata a partire dalle conquiste relative ai diritti civili delle persone con disagio psichico e delle loro famiglie culminate nel lungo processo di riorganizzazione degli enti di sostegno e cura.<\/p>\n<p>La <strong>SO.PSY<\/strong> si professa come apolitica, aconfessionale e senza scopo di lucro, promuove la visione bio-psicosociale dell\u2019individuo e una presa a carico terapeutica interdisciplinare e di rete. La composizione del Comitato della Societ\u00e0 esprime la multidisciplinarit\u00e0 attraverso la presenza di persone di ambiti socioprofessionali e di volontariato diversi.<\/p>\n<ol>\n<li><strong>Societ\u00e0 Svizzera di Psichiatra Social<\/strong>e sita Vicolo Confalonieri, 110 10 &#8211; CH &#8211; 6850 Mendrisio, presta particolare attenzione al trattamento rigoroso e confidenziale dei dati personali. Per prevenire il rischio di reati informatici, vengono utilizzati il protocollo HTTPS e la tecnologia SSL (Secure Socket Layer): grazie all\u2019emissione di un certificato SSL da parte di un ente certificatore, le informazioni scambiate tra browser e server vengono criptate, rendendole di fatto non intercettabili.<\/li>\n<li><strong>Societ\u00e0 Svizzera di Psichiatra Sociale<\/strong> non fa uso della profilazione indiscriminata dei dati raccolti tramite il presente, ma ne limita l\u2019uso allo scopo d\u2019iscrizione al CONGRESSO NAZIONALE SOPSY 30 SETTEMBRE 2022.<\/li>\n<li>Il Congresso \u00e8 di natura pubblica e sar\u00e0 soggetto alle riprese audio e video che in seguito potrebbero essere pubblicate sui media e social. Iscrivendosi il partecipante ne prende atto e acconsente alle condizioni del presente.<\/li>\n<li>Possiamo utilizzare l\u2019indirizzo e-mail fornitoci al momento dell\u2019iscrizione per inviarvi informazioni relative alle nostre attivit\u00e0. L\u2019utente ha la possibilit\u00e0 di rinunciare alle notifiche in qualsiasi momento, richiedendo via email la rimozione del proprio indirizzo.<\/li>\n<li>Con la presente, adempiamo all\u2019obbligo d&#8217; informare in merito i nostri utenti.<\/li>\n<li>Continuando ad utilizzare i nostri servizi, si acconsente a quanto sopra indicato.<\/li>\n<li>Per i servizi erogati dal sito sopsy-si.ch, si applica esclusivamente il diritto Svizzero. Foro competente per tutte le controversie con la <strong>Societ\u00e0 Svizzera di Psichiatra<\/strong> <strong>Sociale<\/strong> \u00e8 quello della sede principale della societ\u00e0, in Vicolo Confalonieri, 110 10 &#8211; CH &#8211; 6850 Mendrisio.<\/li>\n<\/ol>\n<p>&nbsp;<\/p>\n","protected":false},"excerpt":{"rendered":"<p>Societ\u00e0 Svizzera di Psichiatra Sociale &#8211; Vicolo Confalonieri, 110 10<\/p>\n","protected":false},"author":2,"featured_media":0,"parent":0,"menu_order":0,"comment_status":"closed","ping_status":"closed","template":"","meta":{"footnotes":""},"class_list":["post-1006","page","type-page","status-publish","hentry"],"_links":{"self":[{"href":"https:\/\/sopsy-si.ch\/index.php\/wp-json\/wp\/v2\/pages\/1006","targetHints":{"allow":["GET"]}}],"collection":[{"href":"https:\/\/sopsy-si.ch\/index.php\/wp-json\/wp\/v2\/pages"}],"about":[{"href":"https:\/\/sopsy-si.ch\/index.php\/wp-json\/wp\/v2\/types\/page"}],"author":[{"embeddable":true,"href":"https:\/\/sopsy-si.ch\/index.php\/wp-json\/wp\/v2\/users\/2"}],"replies":[{"embeddable":true,"href":"https:\/\/sopsy-si.ch\/index.php\/wp-json\/wp\/v2\/comments?post=1006"}],"version-history":[{"count":3,"href":"https:\/\/sopsy-si.ch\/index.php\/wp-json\/wp\/v2\/pages\/1006\/revisions"}],"predecessor-version":[{"id":1011,"href":"https:\/\/sopsy-si.ch\/index.php\/wp-json\/wp\/v2\/pages\/1006\/revisions\/1011"}],"wp:attachment":[{"href":"https:\/\/sopsy-si.ch\/index.php\/wp-json\/wp\/v2\/media?parent=1006"}],"curies":[{"name":"wp","href":"https:\/\/api.w.org\/{rel}","templated":true}]}}