{"id":1624,"date":"2026-02-27T00:42:52","date_gmt":"2026-02-26T23:42:52","guid":{"rendered":"https:\/\/sopsy-si.ch\/?page_id=1624"},"modified":"2026-02-27T00:42:52","modified_gmt":"2026-02-26T23:42:52","slug":"congresso-nazionale-sopsy-2025-2","status":"publish","type":"page","link":"https:\/\/sopsy-si.ch\/index.php\/congresso-nazionale-sopsy-2025-2\/","title":{"rendered":"Congresso Nazionale SOPSY 2025"},"content":{"rendered":"<div class=\"fusion-fullwidth fullwidth-box fusion-builder-row-1 fusion-flex-container has-pattern-background has-mask-background nonhundred-percent-fullwidth non-hundred-percent-height-scrolling\" style=\"--awb-border-radius-top-left:0px;--awb-border-radius-top-right:0px;--awb-border-radius-bottom-right:0px;--awb-border-radius-bottom-left:0px;--awb-flex-wrap:wrap;\" ><div class=\"fusion-builder-row fusion-row fusion-flex-align-items-flex-start fusion-flex-content-wrap\" style=\"max-width:calc( 1100px + );margin-left: calc(- \/ 2 );margin-right: calc(- \/ 2 );\"><div class=\"fusion-layout-column fusion_builder_column fusion-builder-column-0 fusion_builder_column_1_2 1_2 fusion-flex-column\" style=\"--awb-bg-size:cover;--awb-width-large:50%;--awb-margin-top-large:0px;--awb-width-medium:100%;--awb-order-medium:0;--awb-width-small:100%;--awb-order-small:0;\"><div class=\"fusion-column-wrapper fusion-column-has-shadow fusion-flex-justify-content-flex-start fusion-content-layout-column\"><div class=\"fusion-video fusion-selfhosted-video\" style=\"max-width:100%;\"><div class=\"video-wrapper\"><video playsinline=\"true\" width=\"100%\" style=\"object-fit: cover;\" autoplay=\"true\" muted=\"true\" loop=\"true\" preload=\"auto\" controls=\"1\"><source src=\"https:\/\/sopsy-si.ch\/wp-content\/uploads\/2026\/02\/01Congresso-Nazionale-Sopsy.mp4\" type=\"video\/mp4\">Sorry, your browser doesn&#039;t support embedded videos.<\/video><\/div><\/div><\/div><\/div><div class=\"fusion-layout-column fusion_builder_column fusion-builder-column-1 fusion_builder_column_1_2 1_2 fusion-flex-column\" style=\"--awb-bg-size:cover;--awb-width-large:50%;--awb-margin-top-large:0px;--awb-width-medium:100%;--awb-order-medium:0;--awb-width-small:100%;--awb-order-small:0;\"><div class=\"fusion-column-wrapper fusion-column-has-shadow fusion-flex-justify-content-flex-start fusion-content-layout-column\"><div class=\"fusion-text fusion-text-1\"><p><strong><em>Congresso Nazionale SOPSY 2025 \u2013 La forza della relazione nella salute mentale<\/em><\/strong><\/p>\n<p><em>Questo video racconta i momenti pi\u00f9 significativi del Congresso Nazionale della Societ\u00e0 Svizzera di Psichiatria Sociale, svoltosi il 21 novembre 2025 presso l\u2019Hotel Coronado di Mendrisio. Un appuntamento di grande rilievo che ha riunito professionisti, ricercatori e operatori impegnati quotidianamente nella promozione di una salute mentale pi\u00f9 umana, inclusiva e radicata nella comunit\u00e0.<\/em><\/p>\n<\/div><\/div><\/div><div class=\"fusion-layout-column fusion_builder_column fusion-builder-column-2 fusion_builder_column_1_1 1_1 fusion-flex-column\" style=\"--awb-bg-size:cover;--awb-width-large:100%;--awb-margin-top-large:0px;--awb-width-medium:100%;--awb-order-medium:0;--awb-width-small:100%;--awb-order-small:0;\"><div class=\"fusion-column-wrapper fusion-column-has-shadow fusion-flex-justify-content-flex-start fusion-content-layout-column\"><div class=\"fusion-text fusion-text-2\"><p><em>Al centro della giornata, il tema \u201cLa relazione: tempo, spazio, parola\u201d, filo conduttore di riflessioni profonde sul valore dell\u2019incontro, dell\u2019ascolto e del legame terapeutico come elementi essenziali nei percorsi di cura e di integrazione sociale.<\/em><\/p>\n<p><em>Attraverso contributi autorevoli e stimolanti, tra cui quelli del Prof. Andrea Raballo, dello scrittore Marco Rovelli, della psicoterapeuta Giulia Valerio e dell\u2019attore Paolo Ruffini, il congresso ha offerto uno spazio vivo di confronto interdisciplinare, confermando il ruolo cruciale di una societ\u00e0 scientifica come SOPSY nel promuovere cultura, innovazione e sensibilizzazione sui temi della psichiatria sociale.<\/em><\/p>\n<p><em>Un\u2019occasione preziosa per ricordare che la salute mentale non riguarda solo la clinica, ma anche le relazioni, i contesti di vita e la responsabilit\u00e0 collettiva di costruire comunit\u00e0 pi\u00f9 accoglienti e consapevoli.<\/em><\/p>\n<p><em>Buona visione<\/em><\/p>\n<\/div><\/div><\/div><\/div><\/div>\n","protected":false},"excerpt":{"rendered":"","protected":false},"author":2,"featured_media":0,"parent":0,"menu_order":0,"comment_status":"closed","ping_status":"closed","template":"","meta":{"footnotes":""},"class_list":["post-1624","page","type-page","status-publish","hentry"],"_links":{"self":[{"href":"https:\/\/sopsy-si.ch\/index.php\/wp-json\/wp\/v2\/pages\/1624","targetHints":{"allow":["GET"]}}],"collection":[{"href":"https:\/\/sopsy-si.ch\/index.php\/wp-json\/wp\/v2\/pages"}],"about":[{"href":"https:\/\/sopsy-si.ch\/index.php\/wp-json\/wp\/v2\/types\/page"}],"author":[{"embeddable":true,"href":"https:\/\/sopsy-si.ch\/index.php\/wp-json\/wp\/v2\/users\/2"}],"replies":[{"embeddable":true,"href":"https:\/\/sopsy-si.ch\/index.php\/wp-json\/wp\/v2\/comments?post=1624"}],"version-history":[{"count":3,"href":"https:\/\/sopsy-si.ch\/index.php\/wp-json\/wp\/v2\/pages\/1624\/revisions"}],"predecessor-version":[{"id":1627,"href":"https:\/\/sopsy-si.ch\/index.php\/wp-json\/wp\/v2\/pages\/1624\/revisions\/1627"}],"wp:attachment":[{"href":"https:\/\/sopsy-si.ch\/index.php\/wp-json\/wp\/v2\/media?parent=1624"}],"curies":[{"name":"wp","href":"https:\/\/api.w.org\/{rel}","templated":true}]}}