{"id":269,"date":"2019-09-08T09:52:26","date_gmt":"2019-09-08T09:52:26","guid":{"rendered":"http:\/\/sopsy-si.ch\/?page_id=269"},"modified":"2026-01-21T22:13:20","modified_gmt":"2026-01-21T21:13:20","slug":"chi-siamo","status":"publish","type":"page","link":"https:\/\/sopsy-si.ch\/index.php\/chi-siamo\/","title":{"rendered":"Chi siamo"},"content":{"rendered":"<p><div class=\"fusion-fullwidth fullwidth-box fusion-builder-row-1 nonhundred-percent-fullwidth non-hundred-percent-height-scrolling\" style=\"--awb-border-radius-top-left:0px;--awb-border-radius-top-right:0px;--awb-border-radius-bottom-right:0px;--awb-border-radius-bottom-left:0px;--awb-padding-top:40px;--awb-padding-bottom:68px;--awb-flex-wrap:wrap;\" ><div class=\"fusion-builder-row fusion-row\"><div class=\"fusion-layout-column fusion_builder_column fusion-builder-column-0 fusion_builder_column_1_1 1_1 fusion-one-full fusion-column-first fusion-column-last\" style=\"--awb-padding-bottom:40px;--awb-bg-size:cover;\"><div class=\"fusion-column-wrapper fusion-column-has-shadow fusion-flex-column-wrapper-legacy\"><div class=\"fusion-text fusion-text-1\"><h1>CHI SIAMO<\/h1>\n<\/div><div class=\"fusion-text fusion-text-2\"><h2>La Societ\u00e0 Svizzera di Psichiatria Sociale sezione della Svizzera italiana (SO.PSY) \u00e8 la sezione regionale della Societ\u00e0 svizzera di psichiatria sociale che si \u00e8 costituita e sviluppata a partire dalle conquiste relative ai diritti civili delle persone con disagio psichico e delle loro famiglie culminate nel lungo processo di riorganizzazione degli enti di sostegno e cura.<\/h2>\n<h2><\/h2>\n<h2>La SO.PSY si professa come apolitica, aconfessionale e senza scopo di lucro, promuove la visione bio-psicosociale dell&#8217;individuo e una presa a carico terapeutica interdisciplinare e di rete. La composizione del Comitato della Societ\u00e0 esprime la multidisciplinarit\u00e0 attraverso la presenza di persone di ambiti socioprofessionali e di volontariato diversi.<\/h2>\n<\/div><div class=\"fusion-clearfix\"><\/div><\/div><\/div><div class=\"fusion-layout-column fusion_builder_column fusion-builder-column-1 fusion_builder_column_1_2 1_2 fusion-one-half fusion-column-first\" style=\"--awb-bg-size:cover;width:50%;width:calc(50% - ( ( 4% ) * 0.5 ) );margin-right: 4%;\"><div class=\"fusion-column-wrapper fusion-column-has-shadow fusion-flex-column-wrapper-legacy\"><div class=\"fusion-text fusion-text-3\"><p>La terapia sociale in Psichiatria \u00e8 una filosofia di cure che ha oltre due secoli di vita. Essa basa il proprio modello su un concetto di benessere dell\u2019individuo inteso come stato di salute bio-psicosociale; la salute organica, la stabilit\u00e0 psichica cos\u00ec come l\u2019integrazione sociale con una buona qualit\u00e0 nelle relazioni interpersonali vengono cos\u00ec considerate tre condizioni fondamentali per la persona e perci\u00f2 tre focus primari di attenzione nella sua presa a carico.<\/p>\n<p>L\u2019applicazione di questo modello di cure si basa sui valori della riabilitazione sociale degli individui affetti da disagio psichico, lavorando con gli strumenti della pluridisciplinarit\u00e0, del lavoro in rete, a stretto contatto con le risorse del territorio.<\/p>\n<p>A differenza di un modello terapeutico pi\u00f9 medico-biologico, la Psichiatria Sociale non ambisce necessariamente alla totale scomparsa dei sintomi, obiettivo spesso irrealista, ma piuttosto a una buona qualit\u00e0 di vita del soggetto, che possa finalmente ritrovare un proprio ruolo sociale e ricreare relazioni umane significative.<\/p>\n<p>Questi obiettivi terapeutici presuppongono una costante collaborazione e una buona sinergia tra le diverse figure professionali, il paziente e la sua rete sociale in modo da poter costruire un progetto di vita condiviso e realizzabile.<\/p>\n<\/div><div class=\"fusion-clearfix\"><\/div><\/div><\/div><div class=\"fusion-layout-column fusion_builder_column fusion-builder-column-2 fusion_builder_column_1_2 1_2 fusion-one-half fusion-column-last\" style=\"--awb-bg-size:cover;width:50%;width:calc(50% - ( ( 4% ) * 0.5 ) );\"><div class=\"fusion-column-wrapper fusion-column-has-shadow fusion-flex-column-wrapper-legacy\"><div class=\"fusion-text fusion-text-4\"><p>Diversi studi scientifici dimostrano che i metodi di cura della Psichiatria Sociale, che diventa una vera e propria Psichiatria comunitaria, riducono i rischi di interventi di crisi e di urgenza, i ricoveri a ripetizione e le misure estreme di privazione di libert\u00e0 a scopi terapeutici.<\/p>\n<p>Inoltre la Psichiatria Sociale promuove l\u2019integrazione e l\u2019inclusione dei soggetti che soffrono o hanno sofferto di un disagio psichico, per evitare una ghettizzazione della sofferenza che porta a un isolamento sociale di individui, che invece hanno bisogno di trovare un proprio senso nella comunit\u00e0 in cui vivono.<\/p>\n<p>Lo stigma e il pregiudizio, ancora molto presenti nei confronti della Psichiatria in senso generale e nei confronti delle persone con problemi psichici, rappresentano muri da abbattere, attraverso l\u2019informazione e l\u2019incontro con gli altri.<\/p>\n<p>Quest\u2019ultima missione, una delle principali della Societ\u00e0 di Psichiatria Sociale, necessita di molto sostegno e di una grande partecipazione, da parte di pi\u00f9 persone possibili anche di contesti diversi ma che condividano i principi di equit\u00e0 e di pari opportunit\u00e0 per tutti, indipendentemente dal proprio stato di salute o dalla propria condizione socio-economica.<\/p>\n<\/div><div class=\"fusion-clearfix\"><\/div><\/div><\/div><\/div><\/div><div class=\"fusion-fullwidth fullwidth-box fusion-builder-row-2 fusion-flex-container nonhundred-percent-fullwidth non-hundred-percent-height-scrolling\" style=\"--awb-border-radius-top-left:0px;--awb-border-radius-top-right:0px;--awb-border-radius-bottom-right:0px;--awb-border-radius-bottom-left:0px;--awb-flex-wrap:wrap;\" ><div class=\"fusion-builder-row fusion-row fusion-flex-align-items-flex-start fusion-flex-content-wrap\" style=\"max-width:calc( 1100px + );margin-left: calc(- \/ 2 );margin-right: calc(- \/ 2 );\"><div class=\"fusion-layout-column fusion_builder_column fusion-builder-column-3 fusion_builder_column_1_1 1_1 fusion-flex-column\" style=\"--awb-bg-size:cover;--awb-width-large:100%;--awb-margin-top-large:0px;--awb-width-medium:100%;--awb-order-medium:0;--awb-width-small:100%;--awb-order-small:0;\"><div class=\"fusion-column-wrapper fusion-column-has-shadow fusion-flex-justify-content-flex-start fusion-content-layout-column\"><div class=\"fusion-separator fusion-full-width-sep\" style=\"align-self: center;margin-left: auto;margin-right: auto;margin-bottom:1%;width:100%;\"><div class=\"fusion-separator-border sep-single sep-solid\" style=\"--awb-height:20px;--awb-amount:20px;border-color:#e0dede;border-top-width:1px;\"><\/div><\/div><\/div><\/div><\/div><\/div><div class=\"fusion-fullwidth fullwidth-box fusion-builder-row-3 fusion-flex-container nonhundred-percent-fullwidth non-hundred-percent-height-scrolling\" style=\"--awb-border-radius-top-left:0px;--awb-border-radius-top-right:0px;--awb-border-radius-bottom-right:0px;--awb-border-radius-bottom-left:0px;--awb-flex-wrap:wrap;\" ><div class=\"fusion-builder-row fusion-row fusion-flex-align-items-flex-start fusion-flex-content-wrap\" style=\"max-width:calc( 1100px + );margin-left: calc(- \/ 2 );margin-right: calc(- \/ 2 );\"><div class=\"fusion-layout-column fusion_builder_column fusion-builder-column-4 fusion_builder_column_1_2 1_2 fusion-flex-column\" style=\"--awb-bg-size:cover;--awb-width-large:50%;--awb-margin-top-large:0px;--awb-width-medium:100%;--awb-order-medium:0;--awb-width-small:100%;--awb-order-small:0;\"><div class=\"fusion-column-wrapper fusion-column-has-shadow fusion-flex-justify-content-flex-start fusion-content-layout-column\"><div class=\"fusion-text fusion-text-5\"><h1><b>COMITATO<\/b><\/h1>\n<p><strong>COMITATO<\/strong><\/p>\n<p><strong>Presidente<br \/><\/strong>Amos Miozzari<\/p>\n<p><strong>Vicepresidente<br \/><\/strong>Urs Koch<\/p>\n<p><strong>Cassiere<br \/><\/strong>Davide Durini<\/p>\n<p><strong>Membri del Comitato<br \/><\/strong>Sibel Tutumlu<br \/>Alessandra Marconi<br \/>Manuela Cattola<br \/>Sergio Pavone<br \/>Luciano Belli<br \/>Raffaele Giussani<br \/>Raffaella Cammarota<br \/>Rachelle Wirth<br \/>Paolo Prolo<br \/>Monica Lupi<\/p>\n<p><strong>Segretaria<br \/><\/strong>Sarah Giordano<\/p>\n<p>&nbsp;<\/p>\n<\/div><div class=\"fusion-text fusion-text-6\"><\/div><\/div><\/div><div class=\"fusion-layout-column fusion_builder_column fusion-builder-column-5 fusion_builder_column_1_2 1_2 fusion-flex-column\" style=\"--awb-bg-size:cover;--awb-width-large:50%;--awb-margin-top-large:0px;--awb-width-medium:100%;--awb-order-medium:0;--awb-width-small:100%;--awb-order-small:0;\"><div class=\"fusion-column-wrapper fusion-column-has-shadow fusion-flex-justify-content-flex-start fusion-content-layout-column\"><div class=\"fusion-text fusion-text-7\"><h1>STATUTI<\/h1>\n<p>Accedi agli statuti 2020 tramite il rimando sottostante.<\/p>\n<\/div><div ><a class=\"fusion-button button-flat fusion-button-default-size button-default fusion-button-default button-1 fusion-button-default-span fusion-button-default-type\" target=\"_self\" href=\"https:\/\/sopsy-si.ch\/wp-content\/uploads\/2021\/03\/SOPSY_STATUTO_2020.pdf\"><span class=\"fusion-button-text awb-button__text awb-button__text--default\">STATUTI<\/span><\/a><\/div><\/div><\/div><\/div><\/div><\/p>\n","protected":false},"excerpt":{"rendered":"","protected":false},"author":1,"featured_media":0,"parent":0,"menu_order":0,"comment_status":"closed","ping_status":"closed","template":"","meta":{"footnotes":""},"class_list":["post-269","page","type-page","status-publish","hentry"],"_links":{"self":[{"href":"https:\/\/sopsy-si.ch\/index.php\/wp-json\/wp\/v2\/pages\/269","targetHints":{"allow":["GET"]}}],"collection":[{"href":"https:\/\/sopsy-si.ch\/index.php\/wp-json\/wp\/v2\/pages"}],"about":[{"href":"https:\/\/sopsy-si.ch\/index.php\/wp-json\/wp\/v2\/types\/page"}],"author":[{"embeddable":true,"href":"https:\/\/sopsy-si.ch\/index.php\/wp-json\/wp\/v2\/users\/1"}],"replies":[{"embeddable":true,"href":"https:\/\/sopsy-si.ch\/index.php\/wp-json\/wp\/v2\/comments?post=269"}],"version-history":[{"count":52,"href":"https:\/\/sopsy-si.ch\/index.php\/wp-json\/wp\/v2\/pages\/269\/revisions"}],"predecessor-version":[{"id":1608,"href":"https:\/\/sopsy-si.ch\/index.php\/wp-json\/wp\/v2\/pages\/269\/revisions\/1608"}],"wp:attachment":[{"href":"https:\/\/sopsy-si.ch\/index.php\/wp-json\/wp\/v2\/media?parent=269"}],"curies":[{"name":"wp","href":"https:\/\/api.w.org\/{rel}","templated":true}]}}